{"id":70,"date":"2020-08-05T14:18:25","date_gmt":"2020-08-05T14:18:25","guid":{"rendered":"https:\/\/www.mioc.hr\/alumni\/?page_id=70"},"modified":"2023-09-10T21:07:51","modified_gmt":"2023-09-10T19:07:51","slug":"aktivnosti_zaklade","status":"publish","type":"page","link":"https:\/\/www.mioc.hr\/alumni\/aktivnosti_zaklade\/","title":{"rendered":"Aktivnosti Zaklade"},"content":{"rendered":"\t\t<div data-elementor-type=\"wp-page\" data-elementor-id=\"70\" class=\"elementor elementor-70\">\n\t\t\t\t\t\t<section class=\"elementor-section elementor-top-section elementor-element elementor-element-395cc0ec elementor-section-boxed elementor-section-height-default elementor-section-height-default\" data-id=\"395cc0ec\" data-element_type=\"section\">\n\t\t\t\t\t\t<div class=\"elementor-container elementor-column-gap-default\">\n\t\t\t\t\t<div class=\"elementor-column elementor-col-100 elementor-top-column elementor-element elementor-element-53d0aa3b\" data-id=\"53d0aa3b\" data-element_type=\"column\">\n\t\t\t<div class=\"elementor-widget-wrap elementor-element-populated\">\n\t\t\t\t\t\t<div class=\"elementor-element elementor-element-440851a1 elementor-widget elementor-widget-text-editor\" data-id=\"440851a1\" data-element_type=\"widget\" data-widget_type=\"text-editor.default\">\n\t\t\t\t<div class=\"elementor-widget-container\">\n\t\t\t\t\t\t\t\t\t<p><\/p>\n<p><span style=\"color: #222222; font-family: Montserrat, sans-serif; font-size: 1.25rem; font-style: normal; font-weight: bold;\">Pru\u017eanje potpore u\u010denicima slabijeg imovinskog stanja kroz Stipendiju MIOC Alumni<\/span><\/p>\n<p><span style=\"color: var( --e-global-color-text ); font-size: 16px;\">Ovo je primarna svrha zaklade.&nbsp;<\/span><span style=\"font-size: 16px; color: var( --e-global-color-text );\">Vizija je financijski pomo\u0107i obitelji tako da se djeca neometano mogu posvetiti svome obrazovanju.&nbsp;<\/span><\/p><p><span style=\"font-size: 16px; color: var( --e-global-color-text );\">Dodatan naglasak pri tome stavljen je na u\u010denike smje\u0161tene u u\u010deni\u010dkim domovima i u\u010denike putnike (kako bi se i njima olak\u0161alo poha\u0111anje jedne od najboljih gimnazija na prostoru Hrvatske).<\/span><\/p>\n<h3 style=\"font-style: normal;\"><span style=\"font-size: 1.25rem; font-style: normal; font-weight: bold;\">Podr\u0161ka u\u010denicima u izvannastavnim aktivnostima kroz odr\u017eavanje predavanja i radionica<\/span><\/h3>\n<div>\n<p><span style=\"font-size: 16px; font-style: normal; color: var( --e-global-color-text );\">Cilj je pru\u017eiti priliku u\u010denicima da dobiju teorijska i prakti\u010dna znanja o njima zanimljivim temama, koja ne bi dobili na redovnoj nastavi. Primjeri su robotika, 3D printanje, financijska pismenost &#8230;<\/span><\/p>\n<\/div>\n<p style=\"font-size: 16px; font-style: normal;\"><span style=\"font-size: 1.25rem; font-style: normal; font-weight: bold; color: #222222; font-family: Montserrat, sans-serif;\">Umre\u017eavanje biv\u0161ih u\u010denika\/alumnija<\/span><\/p>\n<p style=\"font-size: 16px; font-style: normal;\"><span style=\"color: var( --e-global-color-text ); font-size: 16px;\">XV. gimnazija di\u010di se velikom bazom alumnija aktivnih u razli\u010ditim podru\u010djima \u0161irom svijeta.&nbsp;<\/span><span style=\"color: var( --e-global-color-text ); font-size: 16px;\">Iskustva alumnija mogu biti od neprocjenjive vrijednosti trenutnim u\u010denicima.<\/span><\/p>\n<p><span style=\"color: var( --e-global-color-text ); font-size: 16px;\">Vizija je stvoriti jaku alumni zajednicu koja bi u\u010denicima pru\u017eala podr\u0161ku u razli\u010ditim fazama \u017eivota, primjerice: tijekom \u0161kolovanja u MIOC-u, u izvannastavnim aktivnostima, pri upisu fakulteta, kasnije pri tra\u017eenju posla i sli\u010dno.<\/span><\/p>\t\t\t\t\t\t\t\t<\/div>\n\t\t\t\t<\/div>\n\t\t\t\t\t<\/div>\n\t\t<\/div>\n\t\t\t\t\t<\/div>\n\t\t<\/section>\n\t\t\t\t<\/div>\n\t\t","protected":false},"excerpt":{"rendered":"<p>Pru\u017eanje potpore u\u010denicima slabijeg imovinskog stanja kroz Stipendiju MIOC Alumni Ovo je primarna svrha zaklade.&nbsp;Vizija je financijski pomo\u0107i obitelji tako da se djeca neometano mogu posvetiti svome obrazovanju.&nbsp; Dodatan naglasak pri tome stavljen je na u\u010denike smje\u0161tene u u\u010deni\u010dkim domovima i u\u010denike putnike (kako bi se i njima olak\u0161alo poha\u0111anje jedne od najboljih gimnazija na &hellip;<\/p>\n<p class=\"read-more\"> <a class=\"\" href=\"https:\/\/www.mioc.hr\/alumni\/aktivnosti_zaklade\/\"> <span class=\"screen-reader-text\">Aktivnosti Zaklade<\/span> Read More &raquo;<\/a><\/p>\n","protected":false},"author":2,"featured_media":0,"parent":0,"menu_order":0,"comment_status":"closed","ping_status":"closed","template":"","meta":{"give_campaign_id":0,"_uag_custom_page_level_css":"","site-sidebar-layout":"default","site-content-layout":"default","ast-site-content-layout":"","site-content-style":"default","site-sidebar-style":"default","ast-global-header-display":"","ast-banner-title-visibility":"","ast-main-header-display":"","ast-hfb-above-header-display":"","ast-hfb-below-header-display":"","ast-hfb-mobile-header-display":"","site-post-title":"","ast-breadcrumbs-content":"","ast-featured-img":"","footer-sml-layout":"","theme-transparent-header-meta":"default","adv-header-id-meta":"","stick-header-meta":"","header-above-stick-meta":"","header-main-stick-meta":"","header-below-stick-meta":"","astra-migrate-meta-layouts":"","footnotes":""},"class_list":["post-70","page","type-page","status-publish","hentry"],"yoast_head":"<!-- This site is optimized with the Yoast SEO plugin v26.8 - https:\/\/yoast.com\/product\/yoast-seo-wordpress\/ -->\n<title>Aktivnosti Zaklade - Zaklada MIOC Alumni<\/title>\n<meta name=\"robots\" content=\"index, follow, max-snippet:-1, max-image-preview:large, max-video-preview:-1\" \/>\n<link rel=\"canonical\" href=\"https:\/\/www.mioc.hr\/alumni\/aktivnosti_zaklade\/\" \/>\n<meta property=\"og:locale\" content=\"hr_HR\" \/>\n<meta property=\"og:type\" content=\"article\" \/>\n<meta property=\"og:title\" content=\"Aktivnosti Zaklade - Zaklada MIOC Alumni\" \/>\n<meta property=\"og:description\" content=\"Pru\u017eanje potpore u\u010denicima slabijeg imovinskog stanja kroz Stipendiju MIOC Alumni Ovo je primarna svrha zaklade.&nbsp;Vizija je financijski pomo\u0107i obitelji tako da se djeca neometano mogu posvetiti svome obrazovanju.&nbsp; Dodatan naglasak pri tome stavljen je na u\u010denike smje\u0161tene u u\u010deni\u010dkim domovima i u\u010denike putnike (kako bi se i njima olak\u0161alo poha\u0111anje jedne od najboljih gimnazija na &hellip; Aktivnosti Zaklade Read More &raquo;\" \/>\n<meta property=\"og:url\" content=\"https:\/\/www.mioc.hr\/alumni\/aktivnosti_zaklade\/\" \/>\n<meta property=\"og:site_name\" content=\"Zaklada MIOC Alumni\" \/>\n<meta property=\"article:modified_time\" content=\"2023-09-10T19:07:51+00:00\" \/>\n<meta name=\"twitter:card\" content=\"summary_large_image\" \/>\n<meta name=\"twitter:label1\" content=\"Procijenjeno vrijeme \u010ditanja\" \/>\n\t<meta name=\"twitter:data1\" content=\"1 minuta\" \/>\n<script type=\"application\/ld+json\" class=\"yoast-schema-graph\">{\"@context\":\"https:\/\/schema.org\",\"@graph\":[{\"@type\":\"WebPage\",\"@id\":\"https:\/\/www.mioc.hr\/alumni\/aktivnosti_zaklade\/\",\"url\":\"https:\/\/www.mioc.hr\/alumni\/aktivnosti_zaklade\/\",\"name\":\"Aktivnosti Zaklade - Zaklada MIOC Alumni\",\"isPartOf\":{\"@id\":\"https:\/\/www.mioc.hr\/alumni\/#website\"},\"datePublished\":\"2020-08-05T14:18:25+00:00\",\"dateModified\":\"2023-09-10T19:07:51+00:00\",\"breadcrumb\":{\"@id\":\"https:\/\/www.mioc.hr\/alumni\/aktivnosti_zaklade\/#breadcrumb\"},\"inLanguage\":\"hr\",\"potentialAction\":[{\"@type\":\"ReadAction\",\"target\":[\"https:\/\/www.mioc.hr\/alumni\/aktivnosti_zaklade\/\"]}]},{\"@type\":\"BreadcrumbList\",\"@id\":\"https:\/\/www.mioc.hr\/alumni\/aktivnosti_zaklade\/#breadcrumb\",\"itemListElement\":[{\"@type\":\"ListItem\",\"position\":1,\"name\":\"Home\",\"item\":\"https:\/\/www.mioc.hr\/alumni\/\"},{\"@type\":\"ListItem\",\"position\":2,\"name\":\"Aktivnosti Zaklade\"}]},{\"@type\":\"WebSite\",\"@id\":\"https:\/\/www.mioc.hr\/alumni\/#website\",\"url\":\"https:\/\/www.mioc.hr\/alumni\/\",\"name\":\"Zaklada MIOC Alumni\",\"description\":\"\",\"publisher\":{\"@id\":\"https:\/\/www.mioc.hr\/alumni\/#organization\"},\"potentialAction\":[{\"@type\":\"SearchAction\",\"target\":{\"@type\":\"EntryPoint\",\"urlTemplate\":\"https:\/\/www.mioc.hr\/alumni\/?s={search_term_string}\"},\"query-input\":{\"@type\":\"PropertyValueSpecification\",\"valueRequired\":true,\"valueName\":\"search_term_string\"}}],\"inLanguage\":\"hr\"},{\"@type\":\"Organization\",\"@id\":\"https:\/\/www.mioc.hr\/alumni\/#organization\",\"name\":\"Zaklada MIOC Alumni\",\"url\":\"https:\/\/www.mioc.hr\/alumni\/\",\"logo\":{\"@type\":\"ImageObject\",\"inLanguage\":\"hr\",\"@id\":\"https:\/\/www.mioc.hr\/alumni\/#\/schema\/logo\/image\/\",\"url\":\"https:\/\/www.mioc.hr\/alumni\/wp-content\/uploads\/2024\/11\/2022-ZMA-logo-horiz-i-znak.png\",\"contentUrl\":\"https:\/\/www.mioc.hr\/alumni\/wp-content\/uploads\/2024\/11\/2022-ZMA-logo-horiz-i-znak.png\",\"width\":5000,\"height\":4805,\"caption\":\"Zaklada MIOC Alumni\"},\"image\":{\"@id\":\"https:\/\/www.mioc.hr\/alumni\/#\/schema\/logo\/image\/\"}}]}<\/script>\n<!-- \/ Yoast SEO plugin. -->","yoast_head_json":{"title":"Aktivnosti Zaklade - Zaklada MIOC Alumni","robots":{"index":"index","follow":"follow","max-snippet":"max-snippet:-1","max-image-preview":"max-image-preview:large","max-video-preview":"max-video-preview:-1"},"canonical":"https:\/\/www.mioc.hr\/alumni\/aktivnosti_zaklade\/","og_locale":"hr_HR","og_type":"article","og_title":"Aktivnosti Zaklade - Zaklada MIOC Alumni","og_description":"Pru\u017eanje potpore u\u010denicima slabijeg imovinskog stanja kroz Stipendiju MIOC Alumni Ovo je primarna svrha zaklade.&nbsp;Vizija je financijski pomo\u0107i obitelji tako da se djeca neometano mogu posvetiti svome obrazovanju.&nbsp; Dodatan naglasak pri tome stavljen je na u\u010denike smje\u0161tene u u\u010deni\u010dkim domovima i u\u010denike putnike (kako bi se i njima olak\u0161alo poha\u0111anje jedne od najboljih gimnazija na &hellip; Aktivnosti Zaklade Read More &raquo;","og_url":"https:\/\/www.mioc.hr\/alumni\/aktivnosti_zaklade\/","og_site_name":"Zaklada MIOC Alumni","article_modified_time":"2023-09-10T19:07:51+00:00","twitter_card":"summary_large_image","twitter_misc":{"Procijenjeno vrijeme \u010ditanja":"1 minuta"},"schema":{"@context":"https:\/\/schema.org","@graph":[{"@type":"WebPage","@id":"https:\/\/www.mioc.hr\/alumni\/aktivnosti_zaklade\/","url":"https:\/\/www.mioc.hr\/alumni\/aktivnosti_zaklade\/","name":"Aktivnosti Zaklade - Zaklada MIOC Alumni","isPartOf":{"@id":"https:\/\/www.mioc.hr\/alumni\/#website"},"datePublished":"2020-08-05T14:18:25+00:00","dateModified":"2023-09-10T19:07:51+00:00","breadcrumb":{"@id":"https:\/\/www.mioc.hr\/alumni\/aktivnosti_zaklade\/#breadcrumb"},"inLanguage":"hr","potentialAction":[{"@type":"ReadAction","target":["https:\/\/www.mioc.hr\/alumni\/aktivnosti_zaklade\/"]}]},{"@type":"BreadcrumbList","@id":"https:\/\/www.mioc.hr\/alumni\/aktivnosti_zaklade\/#breadcrumb","itemListElement":[{"@type":"ListItem","position":1,"name":"Home","item":"https:\/\/www.mioc.hr\/alumni\/"},{"@type":"ListItem","position":2,"name":"Aktivnosti Zaklade"}]},{"@type":"WebSite","@id":"https:\/\/www.mioc.hr\/alumni\/#website","url":"https:\/\/www.mioc.hr\/alumni\/","name":"Zaklada MIOC Alumni","description":"","publisher":{"@id":"https:\/\/www.mioc.hr\/alumni\/#organization"},"potentialAction":[{"@type":"SearchAction","target":{"@type":"EntryPoint","urlTemplate":"https:\/\/www.mioc.hr\/alumni\/?s={search_term_string}"},"query-input":{"@type":"PropertyValueSpecification","valueRequired":true,"valueName":"search_term_string"}}],"inLanguage":"hr"},{"@type":"Organization","@id":"https:\/\/www.mioc.hr\/alumni\/#organization","name":"Zaklada MIOC Alumni","url":"https:\/\/www.mioc.hr\/alumni\/","logo":{"@type":"ImageObject","inLanguage":"hr","@id":"https:\/\/www.mioc.hr\/alumni\/#\/schema\/logo\/image\/","url":"https:\/\/www.mioc.hr\/alumni\/wp-content\/uploads\/2024\/11\/2022-ZMA-logo-horiz-i-znak.png","contentUrl":"https:\/\/www.mioc.hr\/alumni\/wp-content\/uploads\/2024\/11\/2022-ZMA-logo-horiz-i-znak.png","width":5000,"height":4805,"caption":"Zaklada MIOC Alumni"},"image":{"@id":"https:\/\/www.mioc.hr\/alumni\/#\/schema\/logo\/image\/"}}]}},"campaignId":"","uagb_featured_image_src":{"full":false,"thumbnail":false,"medium":false,"medium_large":false,"large":false,"1536x1536":false,"2048x2048":false},"uagb_author_info":{"display_name":"Fran Stani\u0107","author_link":"https:\/\/www.mioc.hr\/alumni\/author\/fstanic\/"},"uagb_comment_info":0,"uagb_excerpt":"Pru\u017eanje potpore u\u010denicima slabijeg imovinskog stanja kroz Stipendiju MIOC Alumni Ovo je primarna svrha zaklade.&nbsp;Vizija je financijski pomo\u0107i obitelji tako da se djeca neometano mogu posvetiti svome obrazovanju.&nbsp; Dodatan naglasak pri tome stavljen je na u\u010denike smje\u0161tene u u\u010deni\u010dkim domovima i u\u010denike putnike (kako bi se i njima olak\u0161alo poha\u0111anje jedne od najboljih gimnazija na&hellip;","_links":{"self":[{"href":"https:\/\/www.mioc.hr\/alumni\/wp-json\/wp\/v2\/pages\/70","targetHints":{"allow":["GET"]}}],"collection":[{"href":"https:\/\/www.mioc.hr\/alumni\/wp-json\/wp\/v2\/pages"}],"about":[{"href":"https:\/\/www.mioc.hr\/alumni\/wp-json\/wp\/v2\/types\/page"}],"author":[{"embeddable":true,"href":"https:\/\/www.mioc.hr\/alumni\/wp-json\/wp\/v2\/users\/2"}],"replies":[{"embeddable":true,"href":"https:\/\/www.mioc.hr\/alumni\/wp-json\/wp\/v2\/comments?post=70"}],"version-history":[{"count":24,"href":"https:\/\/www.mioc.hr\/alumni\/wp-json\/wp\/v2\/pages\/70\/revisions"}],"predecessor-version":[{"id":1671,"href":"https:\/\/www.mioc.hr\/alumni\/wp-json\/wp\/v2\/pages\/70\/revisions\/1671"}],"wp:attachment":[{"href":"https:\/\/www.mioc.hr\/alumni\/wp-json\/wp\/v2\/media?parent=70"}],"curies":[{"name":"wp","href":"https:\/\/api.w.org\/{rel}","templated":true}]}}