{"id":63,"date":"2020-08-05T13:30:41","date_gmt":"2020-08-05T13:30:41","guid":{"rendered":"https:\/\/www.mioc.hr\/alumni\/?page_id=63"},"modified":"2022-09-04T21:24:48","modified_gmt":"2022-09-04T19:24:48","slug":"stipendije_po_mjeri","status":"publish","type":"page","link":"https:\/\/www.mioc.hr\/alumni\/aktivnosti_zaklade\/stipendije_po_mjeri\/","title":{"rendered":"Stipendije po mjeri"},"content":{"rendered":"\t\t<div data-elementor-type=\"wp-page\" data-elementor-id=\"63\" class=\"elementor elementor-63\">\n\t\t\t\t\t\t<section class=\"elementor-section elementor-top-section elementor-element elementor-element-619f7f0e elementor-section-boxed elementor-section-height-default elementor-section-height-default\" data-id=\"619f7f0e\" data-element_type=\"section\">\n\t\t\t\t\t\t<div class=\"elementor-container elementor-column-gap-default\">\n\t\t\t\t\t<div class=\"elementor-column elementor-col-100 elementor-top-column elementor-element elementor-element-372cac75\" data-id=\"372cac75\" data-element_type=\"column\">\n\t\t\t<div class=\"elementor-widget-wrap elementor-element-populated\">\n\t\t\t\t\t\t<div class=\"elementor-element elementor-element-6beff2bf elementor-widget elementor-widget-text-editor\" data-id=\"6beff2bf\" data-element_type=\"widget\" data-widget_type=\"text-editor.default\">\n\t\t\t\t<div class=\"elementor-widget-container\">\n\t\t\t\t\t\t\t\t\t<p><\/p>\n<p>Zaklada slu\u017ei kao posrednik pojedincima, obiteljima, ili tvrtkama koje \u017eele ponuditi vlastitu stipendiju u\u010denicima ili studentima alumnijima MIOC-a, uz minimalan stupanj birokracije. Taj model smo nazvali &#8220;stipendije po mjeri&#8221;.<\/p>\n<p><\/p>\n<p><\/p>\n<h5 class=\"wp-block-heading\">Uvjeti stipendije<\/h5>\n<p><span style=\"font-size: 16px; color: var( --e-global-color-text );\">Kao i za sve stipendije Zaklade MIOC Alumni, osnovni uvjet svake stipendije po mjeri je izvrsnost u u\u010denju.&nbsp;<\/span><\/p>\n<p><span style=\"color: var( --e-global-color-text ); font-size: 16px; font-style: normal;\">Dodatne uvjete stipendije definira sam donator, a to na primjer mo\u017ee biti:<\/span><\/p>\n<div>\n<ul>\n<li><span style=\"font-size: 16px; color: var( --e-global-color-text );\">Izvrsnost u pojedinom predmetu (npr. uspjeh u dr\u017eavnom natjecanju iz Matematike).<\/span><\/li>\n<li>Izvrsnost u u\u010denju i sportu.<\/li>\n<li>Upisan odre\u0111eni fakultet.<\/li>\n<\/ul>\n<div>\n<p style=\"font-size: 16px; font-style: normal;\"><span style=\"font-size: 1.125rem; font-weight: bold; color: #222222; font-family: Montserrat, sans-serif;\">Oblik stipendije<\/span><\/p>\n<p style=\"font-size: 16px; font-style: normal;\">\n<\/p><p style=\"font-size: 16px; font-style: normal;\">\n<\/p><p style=\"font-size: 16px; font-style: normal;\">Oblik, obujam i trajanje stipendije definira sam donator, a to na primjer mo\u017ee biti:<\/p>\n<p style=\"font-size: 16px; font-style: normal;\">\n<\/p><p style=\"font-size: 16px; font-style: normal;\">\n<\/p><ul style=\"font-size: 16px; font-style: normal;\">\n<li style=\"font-size: 16px;\">Mjese\u010dna nov\u010dana potpora u trajanju od jedne \u0161kolske godine.<\/li>\n<li style=\"font-size: 16px;\">Jednokratna nov\u010dana nagrada u zadnjem polugodi\u0161tu srednjo\u0161kolskog obrazovanja.<\/li>\n<li style=\"font-size: 16px;\">Mogu\u0107nost odrade prakse u tvrtci-donatoru stipendije.<\/li>\n<\/ul>\n<\/div>\n<figure><\/figure>\n<\/div>\t\t\t\t\t\t\t\t<\/div>\n\t\t\t\t<\/div>\n\t\t\t\t<div class=\"elementor-element elementor-element-15e5dff elementor-widget elementor-widget-shortcode\" data-id=\"15e5dff\" data-element_type=\"widget\" data-widget_type=\"shortcode.default\">\n\t\t\t\t<div class=\"elementor-widget-container\">\n\t\t\t\t\t\t\t<div class=\"elementor-shortcode\"><h2 id=\"tablepress-1-name\" class=\"tablepress-table-name tablepress-table-name-id-1\">Primjeri stipendija po mjeri<\/h2>\n\n<table id=\"tablepress-1\" class=\"tablepress tablepress-id-1\" aria-labelledby=\"tablepress-1-name\">\n<thead>\n<tr class=\"row-1\">\n\t<th class=\"column-1\">Stipendija<\/th><th class=\"column-2\">Osnovni uvjeti<\/th><th class=\"column-3\">Oblik stipendije<\/th>\n<\/tr>\n<\/thead>\n<tbody class=\"row-striping row-hover\">\n<tr class=\"row-2\">\n\t<td class=\"column-1\">XX Stipendija<\/td><td class=\"column-2\">Top 3 dr\u017eavni natjecatelj iz matematike, fizike ili kemije<\/td><td class=\"column-3\">Mjese\u010dna potpora od 500kn u trajanju od 10 mjeseci<\/td>\n<\/tr>\n<tr class=\"row-3\">\n\t<td class=\"column-1\">YY Nagrada<\/td><td class=\"column-2\">Najbolje napisana dr\u017eavna matura<\/td><td class=\"column-3\">Jednokratna nagrada od 1000kn<\/td>\n<\/tr>\n<\/tbody>\n<\/table>\n<!-- #tablepress-1 from cache --><\/div>\n\t\t\t\t\t\t<\/div>\n\t\t\t\t<\/div>\n\t\t\t\t\t<\/div>\n\t\t<\/div>\n\t\t\t\t\t<\/div>\n\t\t<\/section>\n\t\t\t\t<\/div>\n\t\t","protected":false},"excerpt":{"rendered":"<p>Zaklada slu\u017ei kao posrednik pojedincima, obiteljima, ili tvrtkama koje \u017eele ponuditi vlastitu stipendiju u\u010denicima ili studentima alumnijima MIOC-a, uz minimalan stupanj birokracije. Taj model smo nazvali &#8220;stipendije po mjeri&#8221;. Uvjeti stipendije Kao i za sve stipendije Zaklade MIOC Alumni, osnovni uvjet svake stipendije po mjeri je izvrsnost u u\u010denju.&nbsp; Dodatne uvjete stipendije definira sam donator, &hellip;<\/p>\n<p class=\"read-more\"> <a class=\"\" href=\"https:\/\/www.mioc.hr\/alumni\/aktivnosti_zaklade\/stipendije_po_mjeri\/\"> <span class=\"screen-reader-text\">Stipendije po mjeri<\/span> Read More &raquo;<\/a><\/p>\n","protected":false},"author":2,"featured_media":0,"parent":70,"menu_order":1,"comment_status":"closed","ping_status":"closed","template":"","meta":{"give_campaign_id":0,"_uag_custom_page_level_css":"","site-sidebar-layout":"default","site-content-layout":"default","ast-site-content-layout":"","site-content-style":"default","site-sidebar-style":"default","ast-global-header-display":"","ast-banner-title-visibility":"","ast-main-header-display":"","ast-hfb-above-header-display":"","ast-hfb-below-header-display":"","ast-hfb-mobile-header-display":"","site-post-title":"","ast-breadcrumbs-content":"","ast-featured-img":"","footer-sml-layout":"","theme-transparent-header-meta":"default","adv-header-id-meta":"","stick-header-meta":"","header-above-stick-meta":"","header-main-stick-meta":"","header-below-stick-meta":"","astra-migrate-meta-layouts":"","footnotes":""},"class_list":["post-63","page","type-page","status-publish","hentry"],"yoast_head":"<!-- This site is optimized with the Yoast SEO plugin v26.8 - https:\/\/yoast.com\/product\/yoast-seo-wordpress\/ -->\n<title>Stipendije po mjeri - Zaklada MIOC Alumni<\/title>\n<meta name=\"robots\" content=\"index, follow, max-snippet:-1, max-image-preview:large, max-video-preview:-1\" \/>\n<link rel=\"canonical\" href=\"https:\/\/www.mioc.hr\/alumni\/aktivnosti_zaklade\/stipendije_po_mjeri\/\" \/>\n<meta property=\"og:locale\" content=\"hr_HR\" \/>\n<meta property=\"og:type\" content=\"article\" \/>\n<meta property=\"og:title\" content=\"Stipendije po mjeri - Zaklada MIOC Alumni\" \/>\n<meta property=\"og:description\" content=\"Zaklada slu\u017ei kao posrednik pojedincima, obiteljima, ili tvrtkama koje \u017eele ponuditi vlastitu stipendiju u\u010denicima ili studentima alumnijima MIOC-a, uz minimalan stupanj birokracije. Taj model smo nazvali &#8220;stipendije po mjeri&#8221;. Uvjeti stipendije Kao i za sve stipendije Zaklade MIOC Alumni, osnovni uvjet svake stipendije po mjeri je izvrsnost u u\u010denju.&nbsp; Dodatne uvjete stipendije definira sam donator, &hellip; Stipendije po mjeri Read More &raquo;\" \/>\n<meta property=\"og:url\" content=\"https:\/\/www.mioc.hr\/alumni\/aktivnosti_zaklade\/stipendije_po_mjeri\/\" \/>\n<meta property=\"og:site_name\" content=\"Zaklada MIOC Alumni\" \/>\n<meta property=\"article:modified_time\" content=\"2022-09-04T19:24:48+00:00\" \/>\n<meta name=\"twitter:card\" content=\"summary_large_image\" \/>\n<meta name=\"twitter:label1\" content=\"Procijenjeno vrijeme \u010ditanja\" \/>\n\t<meta name=\"twitter:data1\" content=\"1 minuta\" \/>\n<script type=\"application\/ld+json\" class=\"yoast-schema-graph\">{\"@context\":\"https:\/\/schema.org\",\"@graph\":[{\"@type\":\"WebPage\",\"@id\":\"https:\/\/www.mioc.hr\/alumni\/aktivnosti_zaklade\/stipendije_po_mjeri\/\",\"url\":\"https:\/\/www.mioc.hr\/alumni\/aktivnosti_zaklade\/stipendije_po_mjeri\/\",\"name\":\"Stipendije po mjeri - Zaklada MIOC Alumni\",\"isPartOf\":{\"@id\":\"https:\/\/www.mioc.hr\/alumni\/#website\"},\"datePublished\":\"2020-08-05T13:30:41+00:00\",\"dateModified\":\"2022-09-04T19:24:48+00:00\",\"breadcrumb\":{\"@id\":\"https:\/\/www.mioc.hr\/alumni\/aktivnosti_zaklade\/stipendije_po_mjeri\/#breadcrumb\"},\"inLanguage\":\"hr\",\"potentialAction\":[{\"@type\":\"ReadAction\",\"target\":[\"https:\/\/www.mioc.hr\/alumni\/aktivnosti_zaklade\/stipendije_po_mjeri\/\"]}]},{\"@type\":\"BreadcrumbList\",\"@id\":\"https:\/\/www.mioc.hr\/alumni\/aktivnosti_zaklade\/stipendije_po_mjeri\/#breadcrumb\",\"itemListElement\":[{\"@type\":\"ListItem\",\"position\":1,\"name\":\"Home\",\"item\":\"https:\/\/www.mioc.hr\/alumni\/\"},{\"@type\":\"ListItem\",\"position\":2,\"name\":\"Aktivnosti Zaklade\",\"item\":\"https:\/\/www.mioc.hr\/alumni\/aktivnosti_zaklade\/\"},{\"@type\":\"ListItem\",\"position\":3,\"name\":\"Stipendije po mjeri\"}]},{\"@type\":\"WebSite\",\"@id\":\"https:\/\/www.mioc.hr\/alumni\/#website\",\"url\":\"https:\/\/www.mioc.hr\/alumni\/\",\"name\":\"Zaklada MIOC Alumni\",\"description\":\"\",\"publisher\":{\"@id\":\"https:\/\/www.mioc.hr\/alumni\/#organization\"},\"potentialAction\":[{\"@type\":\"SearchAction\",\"target\":{\"@type\":\"EntryPoint\",\"urlTemplate\":\"https:\/\/www.mioc.hr\/alumni\/?s={search_term_string}\"},\"query-input\":{\"@type\":\"PropertyValueSpecification\",\"valueRequired\":true,\"valueName\":\"search_term_string\"}}],\"inLanguage\":\"hr\"},{\"@type\":\"Organization\",\"@id\":\"https:\/\/www.mioc.hr\/alumni\/#organization\",\"name\":\"Zaklada MIOC Alumni\",\"url\":\"https:\/\/www.mioc.hr\/alumni\/\",\"logo\":{\"@type\":\"ImageObject\",\"inLanguage\":\"hr\",\"@id\":\"https:\/\/www.mioc.hr\/alumni\/#\/schema\/logo\/image\/\",\"url\":\"https:\/\/www.mioc.hr\/alumni\/wp-content\/uploads\/2024\/11\/2022-ZMA-logo-horiz-i-znak.png\",\"contentUrl\":\"https:\/\/www.mioc.hr\/alumni\/wp-content\/uploads\/2024\/11\/2022-ZMA-logo-horiz-i-znak.png\",\"width\":5000,\"height\":4805,\"caption\":\"Zaklada MIOC Alumni\"},\"image\":{\"@id\":\"https:\/\/www.mioc.hr\/alumni\/#\/schema\/logo\/image\/\"}}]}<\/script>\n<!-- \/ Yoast SEO plugin. -->","yoast_head_json":{"title":"Stipendije po mjeri - Zaklada MIOC Alumni","robots":{"index":"index","follow":"follow","max-snippet":"max-snippet:-1","max-image-preview":"max-image-preview:large","max-video-preview":"max-video-preview:-1"},"canonical":"https:\/\/www.mioc.hr\/alumni\/aktivnosti_zaklade\/stipendije_po_mjeri\/","og_locale":"hr_HR","og_type":"article","og_title":"Stipendije po mjeri - Zaklada MIOC Alumni","og_description":"Zaklada slu\u017ei kao posrednik pojedincima, obiteljima, ili tvrtkama koje \u017eele ponuditi vlastitu stipendiju u\u010denicima ili studentima alumnijima MIOC-a, uz minimalan stupanj birokracije. Taj model smo nazvali &#8220;stipendije po mjeri&#8221;. Uvjeti stipendije Kao i za sve stipendije Zaklade MIOC Alumni, osnovni uvjet svake stipendije po mjeri je izvrsnost u u\u010denju.&nbsp; Dodatne uvjete stipendije definira sam donator, &hellip; Stipendije po mjeri Read More &raquo;","og_url":"https:\/\/www.mioc.hr\/alumni\/aktivnosti_zaklade\/stipendije_po_mjeri\/","og_site_name":"Zaklada MIOC Alumni","article_modified_time":"2022-09-04T19:24:48+00:00","twitter_card":"summary_large_image","twitter_misc":{"Procijenjeno vrijeme \u010ditanja":"1 minuta"},"schema":{"@context":"https:\/\/schema.org","@graph":[{"@type":"WebPage","@id":"https:\/\/www.mioc.hr\/alumni\/aktivnosti_zaklade\/stipendije_po_mjeri\/","url":"https:\/\/www.mioc.hr\/alumni\/aktivnosti_zaklade\/stipendije_po_mjeri\/","name":"Stipendije po mjeri - Zaklada MIOC Alumni","isPartOf":{"@id":"https:\/\/www.mioc.hr\/alumni\/#website"},"datePublished":"2020-08-05T13:30:41+00:00","dateModified":"2022-09-04T19:24:48+00:00","breadcrumb":{"@id":"https:\/\/www.mioc.hr\/alumni\/aktivnosti_zaklade\/stipendije_po_mjeri\/#breadcrumb"},"inLanguage":"hr","potentialAction":[{"@type":"ReadAction","target":["https:\/\/www.mioc.hr\/alumni\/aktivnosti_zaklade\/stipendije_po_mjeri\/"]}]},{"@type":"BreadcrumbList","@id":"https:\/\/www.mioc.hr\/alumni\/aktivnosti_zaklade\/stipendije_po_mjeri\/#breadcrumb","itemListElement":[{"@type":"ListItem","position":1,"name":"Home","item":"https:\/\/www.mioc.hr\/alumni\/"},{"@type":"ListItem","position":2,"name":"Aktivnosti Zaklade","item":"https:\/\/www.mioc.hr\/alumni\/aktivnosti_zaklade\/"},{"@type":"ListItem","position":3,"name":"Stipendije po mjeri"}]},{"@type":"WebSite","@id":"https:\/\/www.mioc.hr\/alumni\/#website","url":"https:\/\/www.mioc.hr\/alumni\/","name":"Zaklada MIOC Alumni","description":"","publisher":{"@id":"https:\/\/www.mioc.hr\/alumni\/#organization"},"potentialAction":[{"@type":"SearchAction","target":{"@type":"EntryPoint","urlTemplate":"https:\/\/www.mioc.hr\/alumni\/?s={search_term_string}"},"query-input":{"@type":"PropertyValueSpecification","valueRequired":true,"valueName":"search_term_string"}}],"inLanguage":"hr"},{"@type":"Organization","@id":"https:\/\/www.mioc.hr\/alumni\/#organization","name":"Zaklada MIOC Alumni","url":"https:\/\/www.mioc.hr\/alumni\/","logo":{"@type":"ImageObject","inLanguage":"hr","@id":"https:\/\/www.mioc.hr\/alumni\/#\/schema\/logo\/image\/","url":"https:\/\/www.mioc.hr\/alumni\/wp-content\/uploads\/2024\/11\/2022-ZMA-logo-horiz-i-znak.png","contentUrl":"https:\/\/www.mioc.hr\/alumni\/wp-content\/uploads\/2024\/11\/2022-ZMA-logo-horiz-i-znak.png","width":5000,"height":4805,"caption":"Zaklada MIOC Alumni"},"image":{"@id":"https:\/\/www.mioc.hr\/alumni\/#\/schema\/logo\/image\/"}}]}},"campaignId":"","uagb_featured_image_src":{"full":false,"thumbnail":false,"medium":false,"medium_large":false,"large":false,"1536x1536":false,"2048x2048":false},"uagb_author_info":{"display_name":"Fran Stani\u0107","author_link":"https:\/\/www.mioc.hr\/alumni\/author\/fstanic\/"},"uagb_comment_info":0,"uagb_excerpt":"Zaklada slu\u017ei kao posrednik pojedincima, obiteljima, ili tvrtkama koje \u017eele ponuditi vlastitu stipendiju u\u010denicima ili studentima alumnijima MIOC-a, uz minimalan stupanj birokracije. Taj model smo nazvali &#8220;stipendije po mjeri&#8221;. Uvjeti stipendije Kao i za sve stipendije Zaklade MIOC Alumni, osnovni uvjet svake stipendije po mjeri je izvrsnost u u\u010denju.&nbsp; Dodatne uvjete stipendije definira sam donator,&hellip;","_links":{"self":[{"href":"https:\/\/www.mioc.hr\/alumni\/wp-json\/wp\/v2\/pages\/63","targetHints":{"allow":["GET"]}}],"collection":[{"href":"https:\/\/www.mioc.hr\/alumni\/wp-json\/wp\/v2\/pages"}],"about":[{"href":"https:\/\/www.mioc.hr\/alumni\/wp-json\/wp\/v2\/types\/page"}],"author":[{"embeddable":true,"href":"https:\/\/www.mioc.hr\/alumni\/wp-json\/wp\/v2\/users\/2"}],"replies":[{"embeddable":true,"href":"https:\/\/www.mioc.hr\/alumni\/wp-json\/wp\/v2\/comments?post=63"}],"version-history":[{"count":21,"href":"https:\/\/www.mioc.hr\/alumni\/wp-json\/wp\/v2\/pages\/63\/revisions"}],"predecessor-version":[{"id":1407,"href":"https:\/\/www.mioc.hr\/alumni\/wp-json\/wp\/v2\/pages\/63\/revisions\/1407"}],"up":[{"embeddable":true,"href":"https:\/\/www.mioc.hr\/alumni\/wp-json\/wp\/v2\/pages\/70"}],"wp:attachment":[{"href":"https:\/\/www.mioc.hr\/alumni\/wp-json\/wp\/v2\/media?parent=63"}],"curies":[{"name":"wp","href":"https:\/\/api.w.org\/{rel}","templated":true}]}}