{"id":1324,"date":"2022-09-04T16:30:39","date_gmt":"2022-09-04T14:30:39","guid":{"rendered":"https:\/\/www.mioc.hr\/alumni\/?page_id=1324"},"modified":"2022-09-04T17:10:53","modified_gmt":"2022-09-04T15:10:53","slug":"donacija","status":"publish","type":"page","link":"https:\/\/www.mioc.hr\/alumni\/donacija\/","title":{"rendered":"Donacija"},"content":{"rendered":"\t\t<div data-elementor-type=\"wp-page\" data-elementor-id=\"1324\" class=\"elementor elementor-1324\">\n\t\t\t\t\t\t<section class=\"elementor-section elementor-top-section elementor-element elementor-element-aac1d5e elementor-section-boxed elementor-section-height-default elementor-section-height-default\" data-id=\"aac1d5e\" data-element_type=\"section\">\n\t\t\t\t\t\t<div class=\"elementor-container elementor-column-gap-default\">\n\t\t\t\t\t<div class=\"elementor-column elementor-col-100 elementor-top-column elementor-element elementor-element-482978d\" data-id=\"482978d\" data-element_type=\"column\">\n\t\t\t<div class=\"elementor-widget-wrap elementor-element-populated\">\n\t\t\t\t\t\t<div class=\"elementor-element elementor-element-19fe7ff elementor-widget elementor-widget-text-editor\" data-id=\"19fe7ff\" data-element_type=\"widget\" data-widget_type=\"text-editor.default\">\n\t\t\t\t<div class=\"elementor-widget-container\">\n\t\t\t\t\t\t\t\t\t<p style=\"font-size: 16px; font-style: normal; font-weight: 400;\"><span style=\"font-size: 1.25rem; font-style: normal; font-weight: bold; color: #222222; font-family: Montserrat, sans-serif;\">Mobilno bankarstvo<\/span><\/p>\n<p style=\"font-size: 16px; font-style: normal; font-weight: 400;\">Za pla\u0107anje mobilnim bankarstvom, pokrenite svoju m-banking aplikaciju, otvorite opciju pla\u0107anja skeniranjem, a zatim skenirajte ovaj bar k\u00f4d. Aplikacija \u0107e o\u010ditati podatke i pripremiti nalog za donaciju, a vi dodajte iznos koji \u017eelite donirati.<\/p>\n<p style=\"font-size: 16px; font-style: normal; font-weight: 400;\">\u00a0<\/p>\t\t\t\t\t\t\t\t<\/div>\n\t\t\t\t<\/div>\n\t\t\t\t<div class=\"elementor-element elementor-element-7c6040b elementor-widget elementor-widget-image\" data-id=\"7c6040b\" data-element_type=\"widget\" data-widget_type=\"image.default\">\n\t\t\t\t<div class=\"elementor-widget-container\">\n\t\t\t\t\t\t\t\t\t\t\t\t\t\t\t<img fetchpriority=\"high\" decoding=\"async\" width=\"300\" height=\"169\" src=\"https:\/\/www.mioc.hr\/alumni\/wp-content\/uploads\/2022\/09\/zaklada_barkod-300x169.png\" class=\"attachment-medium size-medium wp-image-1325\" alt=\"\" srcset=\"https:\/\/www.mioc.hr\/alumni\/wp-content\/uploads\/2022\/09\/zaklada_barkod-300x169.png 300w, https:\/\/www.mioc.hr\/alumni\/wp-content\/uploads\/2022\/09\/zaklada_barkod.png 601w\" sizes=\"(max-width: 300px) 100vw, 300px\" \/>\t\t\t\t\t\t\t\t\t\t\t\t\t\t\t<\/div>\n\t\t\t\t<\/div>\n\t\t\t\t\t<\/div>\n\t\t<\/div>\n\t\t\t\t\t<\/div>\n\t\t<\/section>\n\t\t\t\t<section class=\"elementor-section elementor-top-section elementor-element elementor-element-91985f3 elementor-section-boxed elementor-section-height-default elementor-section-height-default\" data-id=\"91985f3\" data-element_type=\"section\">\n\t\t\t\t\t\t<div class=\"elementor-container elementor-column-gap-default\">\n\t\t\t\t\t<div class=\"elementor-column elementor-col-100 elementor-top-column elementor-element elementor-element-37cea88\" data-id=\"37cea88\" data-element_type=\"column\">\n\t\t\t<div class=\"elementor-widget-wrap elementor-element-populated\">\n\t\t\t\t\t\t<div class=\"elementor-element elementor-element-79feafb elementor-widget elementor-widget-text-editor\" data-id=\"79feafb\" data-element_type=\"widget\" data-widget_type=\"text-editor.default\">\n\t\t\t\t<div class=\"elementor-widget-container\">\n\t\t\t\t\t\t\t\t\t<p style=\"font-size: 16px; font-style: normal; font-weight: 400;\"><span style=\"font-size: 1.25rem; font-style: normal; font-weight: bold; color: #222222; font-family: Montserrat, sans-serif;\">Pla\u0107anje karticom<\/span><\/p><p style=\"font-size: 16px; font-style: normal; font-weight: 400;\"><span style=\"font-size: 16px; color: var( --e-global-color-text );\">Za pla\u0107anje karticom ispunite donji obrazac.<\/span><\/p><p style=\"font-size: 16px; font-style: normal; font-weight: 400;\"><span style=\"font-size: 16px; color: var( --e-global-color-text );\">Tajnost Va\u0161ih podataka je za\u0161ti\u0107ena i osigurana uporabom SSL enkripcije. Stranice za naplatu putem interneta osigurane su kori\u0161tenjem Secure Socket Layer (SSL) protokola sa 128-bitnom enkripcijom podataka. SSL enkripcija je postupak \u0161ifriranja podataka radi sprje\u010davanja neovla\u0161tenog pristupa prilikom njihovog prijenosa.<\/span><\/p><div class=\"give-embed-form-wrapper\" id=\"give-69df56c9d825f\"><iframe\n\t\t\t\tname=\"give-embed-form\"\n\t\t\t\tsrc=\"https:\/\/www.mioc.hr\/alumni\/give\/donation-form?giveDonationFormInIframe=1\"\n\t\t\t\t\n\t\t\t\tdata-autoScroll=\"0\"\n\t\t\t\tonload=\"if( 'undefined' !== typeof Give ) { Give.initializeIframeResize(this) }\"\n\t\t\t\tstyle=\"border: 0;visibility: hidden;min-height: 600px;\"><\/iframe><div class=\"iframe-loader\">\n<div style=\"\n        height: 100%;\n        width: 100%;\n        display: flex;\n        align-items: center;\n        justify-content: center;\n    \">\n    <div style=\"\n        pointer-events: none;\n        height: 90px;\n        width: 90px;\n        background-image: url(&quot;data:image\/svg+xml;charset=utf8,%3C?xml version='1.0' encoding='utf-8'?%3E%3C!-- Generator: Adobe Illustrator 24.1.0, SVG Export Plug-In . SVG Version: 6.00 Build 0) --%3E%3Csvg version='1.1' id='Layer_1' xmlns='http:\/\/www.w3.org\/2000\/svg' xmlns:xlink='http:\/\/www.w3.org\/1999\/xlink' x='0px' y='0px' viewBox='0 0 349 348' style='enable-background:new 0 0 349 348;' xml:space='preserve'%3E%3Cstyle type='text\/css'%3E .st0{fill:%231E8CBE;} %3C\/style%3E%3Cpath class='st0' d='M25.1,204.57c-13.38,0-24.47-10.6-24.97-24.08C0.04,178.09,0,175.97,0,174C0,77.78,78.28-0.5,174.5-0.5 c13.81,0,25,11.19,25,25s-11.19,25-25,25C105.85,49.5,50,105.35,50,174c0,1.37,0.03,2.85,0.1,4.65c0.51,13.8-10.27,25.39-24.07,25.9 C25.72,204.56,25.41,204.57,25.1,204.57z'\/%3E%3Cpath class='st0' d='M174.5,348.5c-13.81,0-25-11.19-25-25c0-13.81,11.19-25,25-25c68.65,0,124.5-55.85,124.5-124.5 c0-1.38-0.03-2.85-0.1-4.65c-0.51-13.8,10.26-25.4,24.06-25.91c13.83-0.53,25.4,10.26,25.91,24.06c0.09,2.39,0.13,4.51,0.13,6.49 C349,270.22,270.72,348.5,174.5,348.5z'\/%3E%3C\/svg%3E&quot;);\n        animation: spin 0.6s linear infinite;\n        \"><\/div>\n<\/div>\n<\/div><\/div>\t\t\t\t\t\t\t\t<\/div>\n\t\t\t\t<\/div>\n\t\t\t\t\t<\/div>\n\t\t<\/div>\n\t\t\t\t\t<\/div>\n\t\t<\/section>\n\t\t\t\t<\/div>\n\t\t","protected":false},"excerpt":{"rendered":"<p>Mobilno bankarstvo Za pla\u0107anje mobilnim bankarstvom, pokrenite svoju m-banking aplikaciju, otvorite opciju pla\u0107anja skeniranjem, a zatim skenirajte ovaj bar k\u00f4d. Aplikacija \u0107e o\u010ditati podatke i pripremiti nalog za donaciju, a vi dodajte iznos koji \u017eelite donirati. \u00a0 Pla\u0107anje karticom Za pla\u0107anje karticom ispunite donji obrazac. Tajnost Va\u0161ih podataka je za\u0161ti\u0107ena i osigurana uporabom SSL enkripcije. &hellip;<\/p>\n<p class=\"read-more\"> <a class=\"\" href=\"https:\/\/www.mioc.hr\/alumni\/donacija\/\"> <span class=\"screen-reader-text\">Donacija<\/span> Read More &raquo;<\/a><\/p>\n","protected":false},"author":3,"featured_media":0,"parent":0,"menu_order":0,"comment_status":"closed","ping_status":"closed","template":"","meta":{"give_campaign_id":0,"_uag_custom_page_level_css":"","site-sidebar-layout":"default","site-content-layout":"default","ast-site-content-layout":"","site-content-style":"default","site-sidebar-style":"default","ast-global-header-display":"","ast-banner-title-visibility":"","ast-main-header-display":"","ast-hfb-above-header-display":"","ast-hfb-below-header-display":"","ast-hfb-mobile-header-display":"","site-post-title":"","ast-breadcrumbs-content":"","ast-featured-img":"","footer-sml-layout":"","theme-transparent-header-meta":"default","adv-header-id-meta":"","stick-header-meta":"","header-above-stick-meta":"","header-main-stick-meta":"","header-below-stick-meta":"","astra-migrate-meta-layouts":"","footnotes":""},"class_list":["post-1324","page","type-page","status-publish","hentry"],"yoast_head":"<!-- This site is optimized with the Yoast SEO plugin v26.8 - https:\/\/yoast.com\/product\/yoast-seo-wordpress\/ -->\n<title>Donacija - Zaklada MIOC Alumni<\/title>\n<meta name=\"robots\" content=\"index, follow, max-snippet:-1, max-image-preview:large, max-video-preview:-1\" \/>\n<link rel=\"canonical\" href=\"https:\/\/www.mioc.hr\/alumni\/donacija\/\" \/>\n<meta property=\"og:locale\" content=\"hr_HR\" \/>\n<meta property=\"og:type\" content=\"article\" \/>\n<meta property=\"og:title\" content=\"Donacija - Zaklada MIOC Alumni\" \/>\n<meta property=\"og:description\" content=\"Mobilno bankarstvo Za pla\u0107anje mobilnim bankarstvom, pokrenite svoju m-banking aplikaciju, otvorite opciju pla\u0107anja skeniranjem, a zatim skenirajte ovaj bar k\u00f4d. Aplikacija \u0107e o\u010ditati podatke i pripremiti nalog za donaciju, a vi dodajte iznos koji \u017eelite donirati. \u00a0 Pla\u0107anje karticom Za pla\u0107anje karticom ispunite donji obrazac. Tajnost Va\u0161ih podataka je za\u0161ti\u0107ena i osigurana uporabom SSL enkripcije. &hellip; Donacija Read More &raquo;\" \/>\n<meta property=\"og:url\" content=\"https:\/\/www.mioc.hr\/alumni\/donacija\/\" \/>\n<meta property=\"og:site_name\" content=\"Zaklada MIOC Alumni\" \/>\n<meta property=\"article:modified_time\" content=\"2022-09-04T15:10:53+00:00\" \/>\n<meta property=\"og:image\" content=\"https:\/\/www.mioc.hr\/alumni\/wp-content\/uploads\/2022\/09\/zaklada_barkod-300x169.png\" \/>\n<meta name=\"twitter:card\" content=\"summary_large_image\" \/>\n<script type=\"application\/ld+json\" class=\"yoast-schema-graph\">{\"@context\":\"https:\/\/schema.org\",\"@graph\":[{\"@type\":\"WebPage\",\"@id\":\"https:\/\/www.mioc.hr\/alumni\/donacija\/\",\"url\":\"https:\/\/www.mioc.hr\/alumni\/donacija\/\",\"name\":\"Donacija - Zaklada MIOC Alumni\",\"isPartOf\":{\"@id\":\"https:\/\/www.mioc.hr\/alumni\/#website\"},\"primaryImageOfPage\":{\"@id\":\"https:\/\/www.mioc.hr\/alumni\/donacija\/#primaryimage\"},\"image\":{\"@id\":\"https:\/\/www.mioc.hr\/alumni\/donacija\/#primaryimage\"},\"thumbnailUrl\":\"https:\/\/www.mioc.hr\/alumni\/wp-content\/uploads\/2022\/09\/zaklada_barkod-300x169.png\",\"datePublished\":\"2022-09-04T14:30:39+00:00\",\"dateModified\":\"2022-09-04T15:10:53+00:00\",\"breadcrumb\":{\"@id\":\"https:\/\/www.mioc.hr\/alumni\/donacija\/#breadcrumb\"},\"inLanguage\":\"hr\",\"potentialAction\":[{\"@type\":\"ReadAction\",\"target\":[\"https:\/\/www.mioc.hr\/alumni\/donacija\/\"]}]},{\"@type\":\"ImageObject\",\"inLanguage\":\"hr\",\"@id\":\"https:\/\/www.mioc.hr\/alumni\/donacija\/#primaryimage\",\"url\":\"https:\/\/www.mioc.hr\/alumni\/wp-content\/uploads\/2022\/09\/zaklada_barkod.png\",\"contentUrl\":\"https:\/\/www.mioc.hr\/alumni\/wp-content\/uploads\/2022\/09\/zaklada_barkod.png\",\"width\":601,\"height\":338},{\"@type\":\"BreadcrumbList\",\"@id\":\"https:\/\/www.mioc.hr\/alumni\/donacija\/#breadcrumb\",\"itemListElement\":[{\"@type\":\"ListItem\",\"position\":1,\"name\":\"Home\",\"item\":\"https:\/\/www.mioc.hr\/alumni\/\"},{\"@type\":\"ListItem\",\"position\":2,\"name\":\"Donacija\"}]},{\"@type\":\"WebSite\",\"@id\":\"https:\/\/www.mioc.hr\/alumni\/#website\",\"url\":\"https:\/\/www.mioc.hr\/alumni\/\",\"name\":\"Zaklada MIOC Alumni\",\"description\":\"\",\"publisher\":{\"@id\":\"https:\/\/www.mioc.hr\/alumni\/#organization\"},\"potentialAction\":[{\"@type\":\"SearchAction\",\"target\":{\"@type\":\"EntryPoint\",\"urlTemplate\":\"https:\/\/www.mioc.hr\/alumni\/?s={search_term_string}\"},\"query-input\":{\"@type\":\"PropertyValueSpecification\",\"valueRequired\":true,\"valueName\":\"search_term_string\"}}],\"inLanguage\":\"hr\"},{\"@type\":\"Organization\",\"@id\":\"https:\/\/www.mioc.hr\/alumni\/#organization\",\"name\":\"Zaklada MIOC Alumni\",\"url\":\"https:\/\/www.mioc.hr\/alumni\/\",\"logo\":{\"@type\":\"ImageObject\",\"inLanguage\":\"hr\",\"@id\":\"https:\/\/www.mioc.hr\/alumni\/#\/schema\/logo\/image\/\",\"url\":\"https:\/\/www.mioc.hr\/alumni\/wp-content\/uploads\/2024\/11\/2022-ZMA-logo-horiz-i-znak.png\",\"contentUrl\":\"https:\/\/www.mioc.hr\/alumni\/wp-content\/uploads\/2024\/11\/2022-ZMA-logo-horiz-i-znak.png\",\"width\":5000,\"height\":4805,\"caption\":\"Zaklada MIOC Alumni\"},\"image\":{\"@id\":\"https:\/\/www.mioc.hr\/alumni\/#\/schema\/logo\/image\/\"}}]}<\/script>\n<!-- \/ Yoast SEO plugin. -->","yoast_head_json":{"title":"Donacija - Zaklada MIOC Alumni","robots":{"index":"index","follow":"follow","max-snippet":"max-snippet:-1","max-image-preview":"max-image-preview:large","max-video-preview":"max-video-preview:-1"},"canonical":"https:\/\/www.mioc.hr\/alumni\/donacija\/","og_locale":"hr_HR","og_type":"article","og_title":"Donacija - Zaklada MIOC Alumni","og_description":"Mobilno bankarstvo Za pla\u0107anje mobilnim bankarstvom, pokrenite svoju m-banking aplikaciju, otvorite opciju pla\u0107anja skeniranjem, a zatim skenirajte ovaj bar k\u00f4d. Aplikacija \u0107e o\u010ditati podatke i pripremiti nalog za donaciju, a vi dodajte iznos koji \u017eelite donirati. \u00a0 Pla\u0107anje karticom Za pla\u0107anje karticom ispunite donji obrazac. Tajnost Va\u0161ih podataka je za\u0161ti\u0107ena i osigurana uporabom SSL enkripcije. &hellip; Donacija Read More &raquo;","og_url":"https:\/\/www.mioc.hr\/alumni\/donacija\/","og_site_name":"Zaklada MIOC Alumni","article_modified_time":"2022-09-04T15:10:53+00:00","og_image":[{"url":"https:\/\/www.mioc.hr\/alumni\/wp-content\/uploads\/2022\/09\/zaklada_barkod-300x169.png","type":"","width":"","height":""}],"twitter_card":"summary_large_image","schema":{"@context":"https:\/\/schema.org","@graph":[{"@type":"WebPage","@id":"https:\/\/www.mioc.hr\/alumni\/donacija\/","url":"https:\/\/www.mioc.hr\/alumni\/donacija\/","name":"Donacija - Zaklada MIOC Alumni","isPartOf":{"@id":"https:\/\/www.mioc.hr\/alumni\/#website"},"primaryImageOfPage":{"@id":"https:\/\/www.mioc.hr\/alumni\/donacija\/#primaryimage"},"image":{"@id":"https:\/\/www.mioc.hr\/alumni\/donacija\/#primaryimage"},"thumbnailUrl":"https:\/\/www.mioc.hr\/alumni\/wp-content\/uploads\/2022\/09\/zaklada_barkod-300x169.png","datePublished":"2022-09-04T14:30:39+00:00","dateModified":"2022-09-04T15:10:53+00:00","breadcrumb":{"@id":"https:\/\/www.mioc.hr\/alumni\/donacija\/#breadcrumb"},"inLanguage":"hr","potentialAction":[{"@type":"ReadAction","target":["https:\/\/www.mioc.hr\/alumni\/donacija\/"]}]},{"@type":"ImageObject","inLanguage":"hr","@id":"https:\/\/www.mioc.hr\/alumni\/donacija\/#primaryimage","url":"https:\/\/www.mioc.hr\/alumni\/wp-content\/uploads\/2022\/09\/zaklada_barkod.png","contentUrl":"https:\/\/www.mioc.hr\/alumni\/wp-content\/uploads\/2022\/09\/zaklada_barkod.png","width":601,"height":338},{"@type":"BreadcrumbList","@id":"https:\/\/www.mioc.hr\/alumni\/donacija\/#breadcrumb","itemListElement":[{"@type":"ListItem","position":1,"name":"Home","item":"https:\/\/www.mioc.hr\/alumni\/"},{"@type":"ListItem","position":2,"name":"Donacija"}]},{"@type":"WebSite","@id":"https:\/\/www.mioc.hr\/alumni\/#website","url":"https:\/\/www.mioc.hr\/alumni\/","name":"Zaklada MIOC Alumni","description":"","publisher":{"@id":"https:\/\/www.mioc.hr\/alumni\/#organization"},"potentialAction":[{"@type":"SearchAction","target":{"@type":"EntryPoint","urlTemplate":"https:\/\/www.mioc.hr\/alumni\/?s={search_term_string}"},"query-input":{"@type":"PropertyValueSpecification","valueRequired":true,"valueName":"search_term_string"}}],"inLanguage":"hr"},{"@type":"Organization","@id":"https:\/\/www.mioc.hr\/alumni\/#organization","name":"Zaklada MIOC Alumni","url":"https:\/\/www.mioc.hr\/alumni\/","logo":{"@type":"ImageObject","inLanguage":"hr","@id":"https:\/\/www.mioc.hr\/alumni\/#\/schema\/logo\/image\/","url":"https:\/\/www.mioc.hr\/alumni\/wp-content\/uploads\/2024\/11\/2022-ZMA-logo-horiz-i-znak.png","contentUrl":"https:\/\/www.mioc.hr\/alumni\/wp-content\/uploads\/2024\/11\/2022-ZMA-logo-horiz-i-znak.png","width":5000,"height":4805,"caption":"Zaklada MIOC Alumni"},"image":{"@id":"https:\/\/www.mioc.hr\/alumni\/#\/schema\/logo\/image\/"}}]}},"campaignId":"","uagb_featured_image_src":{"full":false,"thumbnail":false,"medium":false,"medium_large":false,"large":false,"1536x1536":false,"2048x2048":false},"uagb_author_info":{"display_name":"Srecko Mihaljevic","author_link":"https:\/\/www.mioc.hr\/alumni\/author\/srecko\/"},"uagb_comment_info":0,"uagb_excerpt":"Mobilno bankarstvo Za pla\u0107anje mobilnim bankarstvom, pokrenite svoju m-banking aplikaciju, otvorite opciju pla\u0107anja skeniranjem, a zatim skenirajte ovaj bar k\u00f4d. Aplikacija \u0107e o\u010ditati podatke i pripremiti nalog za donaciju, a vi dodajte iznos koji \u017eelite donirati. \u00a0 Pla\u0107anje karticom Za pla\u0107anje karticom ispunite donji obrazac. Tajnost Va\u0161ih podataka je za\u0161ti\u0107ena i osigurana uporabom SSL enkripcije.&hellip;","_links":{"self":[{"href":"https:\/\/www.mioc.hr\/alumni\/wp-json\/wp\/v2\/pages\/1324","targetHints":{"allow":["GET"]}}],"collection":[{"href":"https:\/\/www.mioc.hr\/alumni\/wp-json\/wp\/v2\/pages"}],"about":[{"href":"https:\/\/www.mioc.hr\/alumni\/wp-json\/wp\/v2\/types\/page"}],"author":[{"embeddable":true,"href":"https:\/\/www.mioc.hr\/alumni\/wp-json\/wp\/v2\/users\/3"}],"replies":[{"embeddable":true,"href":"https:\/\/www.mioc.hr\/alumni\/wp-json\/wp\/v2\/comments?post=1324"}],"version-history":[{"count":26,"href":"https:\/\/www.mioc.hr\/alumni\/wp-json\/wp\/v2\/pages\/1324\/revisions"}],"predecessor-version":[{"id":1399,"href":"https:\/\/www.mioc.hr\/alumni\/wp-json\/wp\/v2\/pages\/1324\/revisions\/1399"}],"wp:attachment":[{"href":"https:\/\/www.mioc.hr\/alumni\/wp-json\/wp\/v2\/media?parent=1324"}],"curies":[{"name":"wp","href":"https:\/\/api.w.org\/{rel}","templated":true}]}}