{"id":10,"date":"2020-08-05T10:46:47","date_gmt":"2020-08-05T10:46:47","guid":{"rendered":"https:\/\/www.mioc.hr\/alumni\/?page_id=10"},"modified":"2021-07-04T17:52:01","modified_gmt":"2021-07-04T17:52:01","slug":"o_zakladi","status":"publish","type":"page","link":"https:\/\/www.mioc.hr\/alumni\/o_zakladi\/","title":{"rendered":"O Zakladi"},"content":{"rendered":"\t\t<div data-elementor-type=\"wp-page\" data-elementor-id=\"10\" class=\"elementor elementor-10\">\n\t\t\t\t\t\t<section class=\"elementor-section elementor-top-section elementor-element elementor-element-3ec5b1e3 elementor-section-boxed elementor-section-height-default elementor-section-height-default\" data-id=\"3ec5b1e3\" data-element_type=\"section\">\n\t\t\t\t\t\t<div class=\"elementor-container elementor-column-gap-default\">\n\t\t\t\t\t<div class=\"elementor-column elementor-col-100 elementor-top-column elementor-element elementor-element-3aa335f0\" data-id=\"3aa335f0\" data-element_type=\"column\">\n\t\t\t<div class=\"elementor-widget-wrap elementor-element-populated\">\n\t\t\t\t\t\t<div class=\"elementor-element elementor-element-527d60e9 elementor-widget elementor-widget-text-editor\" data-id=\"527d60e9\" data-element_type=\"widget\" data-widget_type=\"text-editor.default\">\n\t\t\t\t<div class=\"elementor-widget-container\">\n\t\t\t\t\t\t\t\t\t<p><\/p>\n<p>Zaklada MIOC Alumni nastala je kao rezultat inicijative pet u\u010denika XV. gimnazije koji su svoje srednjo\u0161kolsko obrazovanje zavr\u0161ili kao u\u010denici 4.c 2010.\/2011.\u00a0<\/p>\n<p>Stekav\u0161i diplome iz podru\u010dja matematike, fizike, ra\u010dunarstva i prava, rade\u0107i u Hrvatskoj i inozemstvu, svjesni svega dobroga \u0161to im je poha\u0111anje XV. gimnazije, popularnog nadimka MIOC, donijelo, javljaju se svojoj \u0161koli s prijedlogom suradnje.<\/p>\n<p>Ideja je novim generacijama u\u010denika MIOC-a dati nadgradnju srednjo\u0161kolskom obrazovanju pru\u017eanjem nov\u010dane potpore, organiziranjem predavanja i radionica u suradnji s fakultetima i znanstvenim institutima, pru\u017eanjem podr\u0161ke u\u010deni\u010dkim projektima i na druge prikladne na\u010dine.<\/p>\n<p>Tako su pet nekada\u0161njih u\u010denika i XV. gimnazija 2020. osnovali Zakladu MIOC Alumni, \u010dija se misija i vizija mogu sa\u017eeti u tri rije\u010di &#8211; \u201cnekome promijeniti \u017eivot.\u201d<\/p>\n<p>Sve vas pozivamo da budete dio ove plemenite pri\u010de \ud83d\ude42<\/p>\n<p><\/p>\t\t\t\t\t\t\t\t<\/div>\n\t\t\t\t<\/div>\n\t\t\t\t<div class=\"elementor-element elementor-element-6f4e734 elementor-widget elementor-widget-html\" data-id=\"6f4e734\" data-element_type=\"widget\" data-widget_type=\"html.default\">\n\t\t\t\t<div class=\"elementor-widget-container\">\n\t\t\t\t\t<a href=\"https:\/\/www.mioc.hr\/alumni\/wp-content\/uploads\/2020\/10\/Statut-Zaklade-MIOC-Alumni.pdf\" class=\"mtli_attachment mtli_pdf\">Statut Zaklade<\/a>\t\t\t\t<\/div>\n\t\t\t\t<\/div>\n\t\t\t\t<div class=\"elementor-element elementor-element-b7b771b elementor-widget elementor-widget-html\" data-id=\"b7b771b\" data-element_type=\"widget\" data-widget_type=\"html.default\">\n\t\t\t\t<div class=\"elementor-widget-container\">\n\t\t\t\t\t<a href=\"https:\/\/www.mioc.hr\/alumni\/wp-content\/uploads\/2021\/07\/2021_07_Zaklada-MIOC-Alumni_Info-letak.pdf\" class=\"mtli_attachment mtli_pdf\">Informativni letak<\/a>\t\t\t\t<\/div>\n\t\t\t\t<\/div>\n\t\t\t\t\t<\/div>\n\t\t<\/div>\n\t\t\t\t\t<\/div>\n\t\t<\/section>\n\t\t\t\t<\/div>\n\t\t","protected":false},"excerpt":{"rendered":"<p>Zaklada MIOC Alumni nastala je kao rezultat inicijative pet u\u010denika XV. gimnazije koji su svoje srednjo\u0161kolsko obrazovanje zavr\u0161ili kao u\u010denici 4.c 2010.\/2011.\u00a0 Stekav\u0161i diplome iz podru\u010dja matematike, fizike, ra\u010dunarstva i prava, rade\u0107i u Hrvatskoj i inozemstvu, svjesni svega dobroga \u0161to im je poha\u0111anje XV. gimnazije, popularnog nadimka MIOC, donijelo, javljaju se svojoj \u0161koli s prijedlogom &hellip;<\/p>\n<p class=\"read-more\"> <a class=\"\" href=\"https:\/\/www.mioc.hr\/alumni\/o_zakladi\/\"> <span class=\"screen-reader-text\">O Zakladi<\/span> Read More &raquo;<\/a><\/p>\n","protected":false},"author":2,"featured_media":0,"parent":0,"menu_order":0,"comment_status":"closed","ping_status":"closed","template":"","meta":{"give_campaign_id":0,"_uag_custom_page_level_css":"","site-sidebar-layout":"default","site-content-layout":"default","ast-site-content-layout":"","site-content-style":"default","site-sidebar-style":"default","ast-global-header-display":"","ast-banner-title-visibility":"","ast-main-header-display":"","ast-hfb-above-header-display":"","ast-hfb-below-header-display":"","ast-hfb-mobile-header-display":"","site-post-title":"","ast-breadcrumbs-content":"","ast-featured-img":"","footer-sml-layout":"","theme-transparent-header-meta":"default","adv-header-id-meta":"","stick-header-meta":"","header-above-stick-meta":"","header-main-stick-meta":"","header-below-stick-meta":"","astra-migrate-meta-layouts":"","footnotes":""},"class_list":["post-10","page","type-page","status-publish","hentry"],"yoast_head":"<!-- This site is optimized with the Yoast SEO plugin v26.8 - https:\/\/yoast.com\/product\/yoast-seo-wordpress\/ -->\n<title>O Zakladi - Zaklada MIOC Alumni<\/title>\n<meta name=\"robots\" content=\"index, follow, max-snippet:-1, max-image-preview:large, max-video-preview:-1\" \/>\n<link rel=\"canonical\" href=\"https:\/\/www.mioc.hr\/alumni\/o_zakladi\/\" \/>\n<meta property=\"og:locale\" content=\"hr_HR\" \/>\n<meta property=\"og:type\" content=\"article\" \/>\n<meta property=\"og:title\" content=\"O Zakladi - Zaklada MIOC Alumni\" \/>\n<meta property=\"og:description\" content=\"Zaklada MIOC Alumni nastala je kao rezultat inicijative pet u\u010denika XV. gimnazije koji su svoje srednjo\u0161kolsko obrazovanje zavr\u0161ili kao u\u010denici 4.c 2010.\/2011.\u00a0 Stekav\u0161i diplome iz podru\u010dja matematike, fizike, ra\u010dunarstva i prava, rade\u0107i u Hrvatskoj i inozemstvu, svjesni svega dobroga \u0161to im je poha\u0111anje XV. gimnazije, popularnog nadimka MIOC, donijelo, javljaju se svojoj \u0161koli s prijedlogom &hellip; O Zakladi Read More &raquo;\" \/>\n<meta property=\"og:url\" content=\"https:\/\/www.mioc.hr\/alumni\/o_zakladi\/\" \/>\n<meta property=\"og:site_name\" content=\"Zaklada MIOC Alumni\" \/>\n<meta property=\"article:modified_time\" content=\"2021-07-04T17:52:01+00:00\" \/>\n<meta name=\"twitter:card\" content=\"summary_large_image\" \/>\n<meta name=\"twitter:label1\" content=\"Procijenjeno vrijeme \u010ditanja\" \/>\n\t<meta name=\"twitter:data1\" content=\"1 minuta\" \/>\n<script type=\"application\/ld+json\" class=\"yoast-schema-graph\">{\"@context\":\"https:\/\/schema.org\",\"@graph\":[{\"@type\":\"WebPage\",\"@id\":\"https:\/\/www.mioc.hr\/alumni\/o_zakladi\/\",\"url\":\"https:\/\/www.mioc.hr\/alumni\/o_zakladi\/\",\"name\":\"O Zakladi - Zaklada MIOC Alumni\",\"isPartOf\":{\"@id\":\"https:\/\/www.mioc.hr\/alumni\/#website\"},\"datePublished\":\"2020-08-05T10:46:47+00:00\",\"dateModified\":\"2021-07-04T17:52:01+00:00\",\"breadcrumb\":{\"@id\":\"https:\/\/www.mioc.hr\/alumni\/o_zakladi\/#breadcrumb\"},\"inLanguage\":\"hr\",\"potentialAction\":[{\"@type\":\"ReadAction\",\"target\":[\"https:\/\/www.mioc.hr\/alumni\/o_zakladi\/\"]}]},{\"@type\":\"BreadcrumbList\",\"@id\":\"https:\/\/www.mioc.hr\/alumni\/o_zakladi\/#breadcrumb\",\"itemListElement\":[{\"@type\":\"ListItem\",\"position\":1,\"name\":\"Home\",\"item\":\"https:\/\/www.mioc.hr\/alumni\/\"},{\"@type\":\"ListItem\",\"position\":2,\"name\":\"O Zakladi\"}]},{\"@type\":\"WebSite\",\"@id\":\"https:\/\/www.mioc.hr\/alumni\/#website\",\"url\":\"https:\/\/www.mioc.hr\/alumni\/\",\"name\":\"Zaklada MIOC Alumni\",\"description\":\"\",\"publisher\":{\"@id\":\"https:\/\/www.mioc.hr\/alumni\/#organization\"},\"potentialAction\":[{\"@type\":\"SearchAction\",\"target\":{\"@type\":\"EntryPoint\",\"urlTemplate\":\"https:\/\/www.mioc.hr\/alumni\/?s={search_term_string}\"},\"query-input\":{\"@type\":\"PropertyValueSpecification\",\"valueRequired\":true,\"valueName\":\"search_term_string\"}}],\"inLanguage\":\"hr\"},{\"@type\":\"Organization\",\"@id\":\"https:\/\/www.mioc.hr\/alumni\/#organization\",\"name\":\"Zaklada MIOC Alumni\",\"url\":\"https:\/\/www.mioc.hr\/alumni\/\",\"logo\":{\"@type\":\"ImageObject\",\"inLanguage\":\"hr\",\"@id\":\"https:\/\/www.mioc.hr\/alumni\/#\/schema\/logo\/image\/\",\"url\":\"https:\/\/www.mioc.hr\/alumni\/wp-content\/uploads\/2024\/11\/2022-ZMA-logo-horiz-i-znak.png\",\"contentUrl\":\"https:\/\/www.mioc.hr\/alumni\/wp-content\/uploads\/2024\/11\/2022-ZMA-logo-horiz-i-znak.png\",\"width\":5000,\"height\":4805,\"caption\":\"Zaklada MIOC Alumni\"},\"image\":{\"@id\":\"https:\/\/www.mioc.hr\/alumni\/#\/schema\/logo\/image\/\"}}]}<\/script>\n<!-- \/ Yoast SEO plugin. -->","yoast_head_json":{"title":"O Zakladi - Zaklada MIOC Alumni","robots":{"index":"index","follow":"follow","max-snippet":"max-snippet:-1","max-image-preview":"max-image-preview:large","max-video-preview":"max-video-preview:-1"},"canonical":"https:\/\/www.mioc.hr\/alumni\/o_zakladi\/","og_locale":"hr_HR","og_type":"article","og_title":"O Zakladi - Zaklada MIOC Alumni","og_description":"Zaklada MIOC Alumni nastala je kao rezultat inicijative pet u\u010denika XV. gimnazije koji su svoje srednjo\u0161kolsko obrazovanje zavr\u0161ili kao u\u010denici 4.c 2010.\/2011.\u00a0 Stekav\u0161i diplome iz podru\u010dja matematike, fizike, ra\u010dunarstva i prava, rade\u0107i u Hrvatskoj i inozemstvu, svjesni svega dobroga \u0161to im je poha\u0111anje XV. gimnazije, popularnog nadimka MIOC, donijelo, javljaju se svojoj \u0161koli s prijedlogom &hellip; O Zakladi Read More &raquo;","og_url":"https:\/\/www.mioc.hr\/alumni\/o_zakladi\/","og_site_name":"Zaklada MIOC Alumni","article_modified_time":"2021-07-04T17:52:01+00:00","twitter_card":"summary_large_image","twitter_misc":{"Procijenjeno vrijeme \u010ditanja":"1 minuta"},"schema":{"@context":"https:\/\/schema.org","@graph":[{"@type":"WebPage","@id":"https:\/\/www.mioc.hr\/alumni\/o_zakladi\/","url":"https:\/\/www.mioc.hr\/alumni\/o_zakladi\/","name":"O Zakladi - Zaklada MIOC Alumni","isPartOf":{"@id":"https:\/\/www.mioc.hr\/alumni\/#website"},"datePublished":"2020-08-05T10:46:47+00:00","dateModified":"2021-07-04T17:52:01+00:00","breadcrumb":{"@id":"https:\/\/www.mioc.hr\/alumni\/o_zakladi\/#breadcrumb"},"inLanguage":"hr","potentialAction":[{"@type":"ReadAction","target":["https:\/\/www.mioc.hr\/alumni\/o_zakladi\/"]}]},{"@type":"BreadcrumbList","@id":"https:\/\/www.mioc.hr\/alumni\/o_zakladi\/#breadcrumb","itemListElement":[{"@type":"ListItem","position":1,"name":"Home","item":"https:\/\/www.mioc.hr\/alumni\/"},{"@type":"ListItem","position":2,"name":"O Zakladi"}]},{"@type":"WebSite","@id":"https:\/\/www.mioc.hr\/alumni\/#website","url":"https:\/\/www.mioc.hr\/alumni\/","name":"Zaklada MIOC Alumni","description":"","publisher":{"@id":"https:\/\/www.mioc.hr\/alumni\/#organization"},"potentialAction":[{"@type":"SearchAction","target":{"@type":"EntryPoint","urlTemplate":"https:\/\/www.mioc.hr\/alumni\/?s={search_term_string}"},"query-input":{"@type":"PropertyValueSpecification","valueRequired":true,"valueName":"search_term_string"}}],"inLanguage":"hr"},{"@type":"Organization","@id":"https:\/\/www.mioc.hr\/alumni\/#organization","name":"Zaklada MIOC Alumni","url":"https:\/\/www.mioc.hr\/alumni\/","logo":{"@type":"ImageObject","inLanguage":"hr","@id":"https:\/\/www.mioc.hr\/alumni\/#\/schema\/logo\/image\/","url":"https:\/\/www.mioc.hr\/alumni\/wp-content\/uploads\/2024\/11\/2022-ZMA-logo-horiz-i-znak.png","contentUrl":"https:\/\/www.mioc.hr\/alumni\/wp-content\/uploads\/2024\/11\/2022-ZMA-logo-horiz-i-znak.png","width":5000,"height":4805,"caption":"Zaklada MIOC Alumni"},"image":{"@id":"https:\/\/www.mioc.hr\/alumni\/#\/schema\/logo\/image\/"}}]}},"campaignId":"","uagb_featured_image_src":{"full":false,"thumbnail":false,"medium":false,"medium_large":false,"large":false,"1536x1536":false,"2048x2048":false},"uagb_author_info":{"display_name":"Fran Stani\u0107","author_link":"https:\/\/www.mioc.hr\/alumni\/author\/fstanic\/"},"uagb_comment_info":0,"uagb_excerpt":"Zaklada MIOC Alumni nastala je kao rezultat inicijative pet u\u010denika XV. gimnazije koji su svoje srednjo\u0161kolsko obrazovanje zavr\u0161ili kao u\u010denici 4.c 2010.\/2011.\u00a0 Stekav\u0161i diplome iz podru\u010dja matematike, fizike, ra\u010dunarstva i prava, rade\u0107i u Hrvatskoj i inozemstvu, svjesni svega dobroga \u0161to im je poha\u0111anje XV. gimnazije, popularnog nadimka MIOC, donijelo, javljaju se svojoj \u0161koli s prijedlogom&hellip;","_links":{"self":[{"href":"https:\/\/www.mioc.hr\/alumni\/wp-json\/wp\/v2\/pages\/10","targetHints":{"allow":["GET"]}}],"collection":[{"href":"https:\/\/www.mioc.hr\/alumni\/wp-json\/wp\/v2\/pages"}],"about":[{"href":"https:\/\/www.mioc.hr\/alumni\/wp-json\/wp\/v2\/types\/page"}],"author":[{"embeddable":true,"href":"https:\/\/www.mioc.hr\/alumni\/wp-json\/wp\/v2\/users\/2"}],"replies":[{"embeddable":true,"href":"https:\/\/www.mioc.hr\/alumni\/wp-json\/wp\/v2\/comments?post=10"}],"version-history":[{"count":30,"href":"https:\/\/www.mioc.hr\/alumni\/wp-json\/wp\/v2\/pages\/10\/revisions"}],"predecessor-version":[{"id":1012,"href":"https:\/\/www.mioc.hr\/alumni\/wp-json\/wp\/v2\/pages\/10\/revisions\/1012"}],"wp:attachment":[{"href":"https:\/\/www.mioc.hr\/alumni\/wp-json\/wp\/v2\/media?parent=10"}],"curies":[{"name":"wp","href":"https:\/\/api.w.org\/{rel}","templated":true}]}}